{"id":1662,"date":"2022-04-04T16:32:54","date_gmt":"2022-04-04T19:32:54","guid":{"rendered":"https:\/\/www.apdoisanjos.com.br\/site\/?page_id=1662"},"modified":"2022-04-07T14:23:27","modified_gmt":"2022-04-07T17:23:27","slug":"videonossoap","status":"publish","type":"page","link":"https:\/\/www.apdoisanjos.com.br\/site\/index.php\/videonossoap\/","title":{"rendered":"Conhe\u00e7a nosso AP"},"content":{"rendered":"\t\t<div data-elementor-type=\"wp-page\" data-elementor-id=\"1662\" class=\"elementor elementor-1662\">\n\t\t\t\t\t\t\t\t\t<section class=\"elementor-section elementor-top-section elementor-element elementor-element-13ed174 elementor-section-boxed elementor-section-height-default elementor-section-height-default\" data-id=\"13ed174\" data-element_type=\"section\">\n\t\t\t\t\t\t<div class=\"elementor-container elementor-column-gap-default\">\n\t\t\t\t\t<div class=\"elementor-column elementor-col-100 elementor-top-column elementor-element elementor-element-5c17763\" data-id=\"5c17763\" data-element_type=\"column\">\n\t\t\t<div class=\"elementor-widget-wrap elementor-element-populated\">\n\t\t\t\t\t\t\t\t<div class=\"elementor-element elementor-element-6d33e6c elementor-widget elementor-widget-heading\" data-id=\"6d33e6c\" data-element_type=\"widget\" data-widget_type=\"heading.default\">\n\t\t\t\t<div class=\"elementor-widget-container\">\n\t\t\t<h2 class=\"elementor-heading-title elementor-size-default\">Conhe\u00e7a nosso AP!<\/h2>\t\t<\/div>\n\t\t\t\t<\/div>\n\t\t\t\t<div class=\"elementor-element elementor-element-9bf506a elementor-widget elementor-widget-text-editor\" data-id=\"9bf506a\" data-element_type=\"widget\" data-widget_type=\"text-editor.default\">\n\t\t\t\t<div class=\"elementor-widget-container\">\n\t\t\t\t\t\t\t<p class=\"style-scope ytd-watch-metadata\"><strong>\u00a0Nos apresentando e mostrando todos os detalhes do nosso AP Dois Anjos<\/strong><\/p>\t\t\t\t\t\t<\/div>\n\t\t\t\t<\/div>\n\t\t\t\t<div class=\"elementor-element elementor-element-d41b733 elementor-aspect-ratio-169 elementor-widget elementor-widget-video\" data-id=\"d41b733\" data-element_type=\"widget\" data-settings=\"{&quot;youtube_url&quot;:&quot;https:\\\/\\\/www.youtube.com\\\/watch?v=HntJEfyopKc&amp;ab_channel=ApDoisAnjos&quot;,&quot;video_type&quot;:&quot;youtube&quot;,&quot;controls&quot;:&quot;yes&quot;,&quot;aspect_ratio&quot;:&quot;169&quot;}\" data-widget_type=\"video.default\">\n\t\t\t\t<div class=\"elementor-widget-container\">\n\t\t\t\t\t<div class=\"elementor-wrapper elementor-fit-aspect-ratio elementor-open-inline\">\n\t\t\t<div class=\"elementor-video\"><\/div>\t\t<\/div>\n\t\t\t\t<\/div>\n\t\t\t\t<\/div>\n\t\t\t\t\t<\/div>\n\t\t<\/div>\n\t\t\t\t\t\t\t<\/div>\n\t\t<\/section>\n\t\t\t\t<section class=\"elementor-section elementor-top-section elementor-element elementor-element-8577df3 elementor-section-boxed elementor-section-height-default elementor-section-height-default\" data-id=\"8577df3\" data-element_type=\"section\">\n\t\t\t\t\t\t<div class=\"elementor-container elementor-column-gap-default\">\n\t\t\t\t\t<div class=\"elementor-column elementor-col-100 elementor-top-column elementor-element elementor-element-294682b\" data-id=\"294682b\" data-element_type=\"column\">\n\t\t\t<div class=\"elementor-widget-wrap elementor-element-populated\">\n\t\t\t\t\t\t\t\t<div class=\"elementor-element elementor-element-de86bae elementor-widget elementor-widget-text-editor\" data-id=\"de86bae\" data-element_type=\"widget\" data-widget_type=\"text-editor.default\">\n\t\t\t\t<div class=\"elementor-widget-container\">\n\t\t\t\t\t\t\t<p><strong>Nesse v\u00eddeo nos apresentamos e mostramos nosso querido apartamento AP Dois Anjos, que tratamos com tanto carinho, para que sua estadia em Arraial do Cabo RJ seja maravilhosa.<\/strong><\/p><p><strong>Pensamos em cada detalhe para que voc\u00ea se sinta em casa. Queremos que nosso &#8220;cantinho&#8221; se torne sua casa por alguns dias ou at\u00e9 semanas e voc\u00ea n\u00e3o sinta o tempo passar.<\/strong><\/p>\t\t\t\t\t\t<\/div>\n\t\t\t\t<\/div>\n\t\t\t\t\t<\/div>\n\t\t<\/div>\n\t\t\t\t\t\t\t<\/div>\n\t\t<\/section>\n\t\t\t\t\t\t\t<\/div>\n\t\t","protected":false},"excerpt":{"rendered":"<p>Conhe\u00e7a nosso AP! &nbsp;Nos apresentando e mostrando todos os detalhes do nosso AP Dois Anjos Nesse v\u00eddeo nos apresentamos e mostramos nosso querido apartamento AP Dois Anjos, que tratamos com tanto carinho, para que sua estadia em Arraial do Cabo RJ seja maravilhosa. Pensamos em cada detalhe para que voc\u00ea se sinta em casa. Queremos [&hellip;]<\/p>\n<a class=\"read-more-tag\" \n         href=\"https:\/\/www.apdoisanjos.com.br\/site\/index.php\/videonossoap\/\">&nbsp;Read More<\/a>","protected":false},"author":2,"featured_media":0,"parent":0,"menu_order":0,"comment_status":"closed","ping_status":"closed","template":"elementor_theme","meta":[],"_links":{"self":[{"href":"https:\/\/www.apdoisanjos.com.br\/site\/index.php\/wp-json\/wp\/v2\/pages\/1662"}],"collection":[{"href":"https:\/\/www.apdoisanjos.com.br\/site\/index.php\/wp-json\/wp\/v2\/pages"}],"about":[{"href":"https:\/\/www.apdoisanjos.com.br\/site\/index.php\/wp-json\/wp\/v2\/types\/page"}],"author":[{"embeddable":true,"href":"https:\/\/www.apdoisanjos.com.br\/site\/index.php\/wp-json\/wp\/v2\/users\/2"}],"replies":[{"embeddable":true,"href":"https:\/\/www.apdoisanjos.com.br\/site\/index.php\/wp-json\/wp\/v2\/comments?post=1662"}],"version-history":[{"count":1,"href":"https:\/\/www.apdoisanjos.com.br\/site\/index.php\/wp-json\/wp\/v2\/pages\/1662\/revisions"}],"predecessor-version":[{"id":1663,"href":"https:\/\/www.apdoisanjos.com.br\/site\/index.php\/wp-json\/wp\/v2\/pages\/1662\/revisions\/1663"}],"wp:attachment":[{"href":"https:\/\/www.apdoisanjos.com.br\/site\/index.php\/wp-json\/wp\/v2\/media?parent=1662"}],"curies":[{"name":"wp","href":"https:\/\/api.w.org\/{rel}","templated":true}]}}