{"id":1257,"date":"2022-02-08T13:33:16","date_gmt":"2022-02-08T16:33:16","guid":{"rendered":"http:\/\/apdoisanjos.com.br\/site\/?page_id=1257"},"modified":"2022-04-20T13:23:41","modified_gmt":"2022-04-20T16:23:41","slug":"praias","status":"publish","type":"page","link":"https:\/\/www.apdoisanjos.com.br\/site\/index.php\/praias\/","title":{"rendered":"Praias"},"content":{"rendered":"\t\t<div data-elementor-type=\"wp-page\" data-elementor-id=\"1257\" class=\"elementor elementor-1257\">\n\t\t\t\t\t\t\t\t\t<section class=\"elementor-section elementor-top-section elementor-element elementor-element-64f946b2 elementor-section-boxed elementor-section-height-default elementor-section-height-default\" data-id=\"64f946b2\" data-element_type=\"section\">\n\t\t\t\t\t\t<div class=\"elementor-container elementor-column-gap-default\">\n\t\t\t\t\t<div class=\"elementor-column elementor-col-100 elementor-top-column elementor-element elementor-element-72d3044e\" data-id=\"72d3044e\" data-element_type=\"column\">\n\t\t\t<div class=\"elementor-widget-wrap elementor-element-populated\">\n\t\t\t\t\t\t\t\t<div class=\"elementor-element elementor-element-4bd15490 elementor-widget elementor-widget-text-editor\" data-id=\"4bd15490\" data-element_type=\"widget\" data-widget_type=\"text-editor.default\">\n\t\t\t\t<div class=\"elementor-widget-container\">\n\t\t\t\t\t\t\t<p><strong>Conhe\u00e7a as praias de Arraial do Cabo!<\/strong><\/p>\t\t\t\t\t\t<\/div>\n\t\t\t\t<\/div>\n\t\t\t\t\t<\/div>\n\t\t<\/div>\n\t\t\t\t\t\t\t<\/div>\n\t\t<\/section>\n\t\t\t\t<section class=\"elementor-section elementor-top-section elementor-element elementor-element-5780511 elementor-section-boxed elementor-section-height-default elementor-section-height-default\" data-id=\"5780511\" data-element_type=\"section\">\n\t\t\t\t\t\t<div class=\"elementor-container elementor-column-gap-default\">\n\t\t\t\t\t<div class=\"elementor-column elementor-col-50 elementor-top-column elementor-element elementor-element-71f49c7\" data-id=\"71f49c7\" data-element_type=\"column\">\n\t\t\t<div class=\"elementor-widget-wrap elementor-element-populated\">\n\t\t\t\t\t\t\t\t<div class=\"elementor-element elementor-element-5aea756 elementor-widget elementor-widget-heading\" data-id=\"5aea756\" data-element_type=\"widget\" data-widget_type=\"heading.default\">\n\t\t\t\t<div class=\"elementor-widget-container\">\n\t\t\t<h2 class=\"elementor-heading-title elementor-size-default\">Praia dos Anjos<\/h2>\t\t<\/div>\n\t\t\t\t<\/div>\n\t\t\t\t<div class=\"elementor-element elementor-element-bc91c9e elementor-widget elementor-widget-text-editor\" data-id=\"bc91c9e\" data-element_type=\"widget\" data-widget_type=\"text-editor.default\">\n\t\t\t\t<div class=\"elementor-widget-container\">\n\t\t\t\t\t\t\t<p><\/p>\t\t\t\t\t\t<\/div>\n\t\t\t\t<\/div>\n\t\t\t\t<div class=\"elementor-element elementor-element-a4c9d73 animated-fast elementor-invisible elementor-widget elementor-widget-text-editor\" data-id=\"a4c9d73\" data-element_type=\"widget\" data-settings=\"{&quot;_animation&quot;:&quot;pulse&quot;}\" data-widget_type=\"text-editor.default\">\n\t\t\t\t<div class=\"elementor-widget-container\">\n\t\t\t\t\t\t\t<p><em><b>Praia dos Anjos, a praia mais pr\u00f3xima do apartamento. Confort\u00e1vel, espa\u00e7osa e boa para as crian\u00e7as pois as ondas nunca s\u00e3o grandes. Conta com o porto, \u00f3timo ponto tur\u00edstico para fotos, al\u00e9m de acesso f\u00e1cil para os barcos de passeio. Tamb\u00e9m possui um belo cal\u00e7ad\u00e3o para passeios e ver o nascer do sol.<\/b><\/em><\/p>\t\t\t\t\t\t<\/div>\n\t\t\t\t<\/div>\n\t\t\t\t\t<\/div>\n\t\t<\/div>\n\t\t\t\t<div class=\"elementor-column elementor-col-50 elementor-top-column elementor-element elementor-element-0285133\" data-id=\"0285133\" data-element_type=\"column\">\n\t\t\t<div class=\"elementor-widget-wrap elementor-element-populated\">\n\t\t\t\t\t\t\t\t<div class=\"elementor-element elementor-element-885f32d elementor-widget elementor-widget-heading\" data-id=\"885f32d\" data-element_type=\"widget\" data-widget_type=\"heading.default\">\n\t\t\t\t<div class=\"elementor-widget-container\">\n\t\t\t<h2 class=\"elementor-heading-title elementor-size-default\">Praia do Forno<\/h2>\t\t<\/div>\n\t\t\t\t<\/div>\n\t\t\t\t<div class=\"elementor-element elementor-element-1f4cd57 elementor-widget elementor-widget-text-editor\" data-id=\"1f4cd57\" data-element_type=\"widget\" data-widget_type=\"text-editor.default\">\n\t\t\t\t<div class=\"elementor-widget-container\">\n\t\t\t\t\t\t\t<p><\/p>\t\t\t\t\t\t<\/div>\n\t\t\t\t<\/div>\n\t\t\t\t<div class=\"elementor-element elementor-element-cb63041 animated-fast elementor-invisible elementor-widget elementor-widget-text-editor\" data-id=\"cb63041\" data-element_type=\"widget\" data-settings=\"{&quot;_animation&quot;:&quot;pulse&quot;}\" data-widget_type=\"text-editor.default\">\n\t\t\t\t<div class=\"elementor-widget-container\">\n\t\t\t\t\t\t\t<p style=\"text-align: center;\"><em><b>Praia do Forno, uma das praias mais famosas de Arraial, e elegida a terceira praia mais bonita do Brasil. O acesso se faz por uma subida em trilha de 1,5km, com seu come\u00e7o pr\u00f3ximo ao porto, na Praia dos Anjos. Ganhou seu nome devido \u00e0 temperatura agrad\u00e1vel de suas \u00e1guas cristalinas, que constituem uma refrescante recompensa pela trilha.<\/b><\/em><\/p>\t\t\t\t\t\t<\/div>\n\t\t\t\t<\/div>\n\t\t\t\t\t<\/div>\n\t\t<\/div>\n\t\t\t\t\t\t\t<\/div>\n\t\t<\/section>\n\t\t\t\t<section class=\"elementor-section elementor-top-section elementor-element elementor-element-de4bd17 elementor-section-boxed elementor-section-height-default elementor-section-height-default\" data-id=\"de4bd17\" data-element_type=\"section\">\n\t\t\t\t\t\t<div class=\"elementor-container elementor-column-gap-default\">\n\t\t\t\t\t<div class=\"elementor-column elementor-col-50 elementor-top-column elementor-element elementor-element-19f045a\" data-id=\"19f045a\" data-element_type=\"column\">\n\t\t\t<div class=\"elementor-widget-wrap elementor-element-populated\">\n\t\t\t\t\t\t\t\t<div class=\"elementor-element elementor-element-1981c52 elementor-widget elementor-widget-heading\" data-id=\"1981c52\" data-element_type=\"widget\" data-widget_type=\"heading.default\">\n\t\t\t\t<div class=\"elementor-widget-container\">\n\t\t\t<h2 class=\"elementor-heading-title elementor-size-default\">Praia Brava<\/h2>\t\t<\/div>\n\t\t\t\t<\/div>\n\t\t\t\t<div class=\"elementor-element elementor-element-a2cc2ff elementor-widget elementor-widget-text-editor\" data-id=\"a2cc2ff\" data-element_type=\"widget\" data-widget_type=\"text-editor.default\">\n\t\t\t\t<div class=\"elementor-widget-container\">\n\t\t\t\t\t\t\t<p><\/p>\t\t\t\t\t\t<\/div>\n\t\t\t\t<\/div>\n\t\t\t\t<div class=\"elementor-element elementor-element-728cad2 animated-fast elementor-invisible elementor-widget elementor-widget-text-editor\" data-id=\"728cad2\" data-element_type=\"widget\" data-settings=\"{&quot;_animation&quot;:&quot;pulse&quot;}\" data-widget_type=\"text-editor.default\">\n\t\t\t\t<div class=\"elementor-widget-container\">\n\t\t\t\t\t\t\t<p><em><strong>Conhecida por suas revoltas \u00e1guas geladas, a Praia Brava \u00e9 perfeita para aventureiros que buscam uma dose de adrenalina. Embora n\u00e3o seja para toda a fam\u00edlia, ela \u00e9 atrativa para um p\u00fablico mais corajoso que procuram enfrentar as ondas.<\/strong><\/em><\/p>\t\t\t\t\t\t<\/div>\n\t\t\t\t<\/div>\n\t\t\t\t\t<\/div>\n\t\t<\/div>\n\t\t\t\t<div class=\"elementor-column elementor-col-50 elementor-top-column elementor-element elementor-element-32e73c8\" data-id=\"32e73c8\" data-element_type=\"column\">\n\t\t\t<div class=\"elementor-widget-wrap elementor-element-populated\">\n\t\t\t\t\t\t\t\t<div class=\"elementor-element elementor-element-e9238ac elementor-widget elementor-widget-heading\" data-id=\"e9238ac\" data-element_type=\"widget\" data-widget_type=\"heading.default\">\n\t\t\t\t<div class=\"elementor-widget-container\">\n\t\t\t<h2 class=\"elementor-heading-title elementor-size-default\">Praia Grande<\/h2>\t\t<\/div>\n\t\t\t\t<\/div>\n\t\t\t\t<div class=\"elementor-element elementor-element-794b405 elementor-widget elementor-widget-text-editor\" data-id=\"794b405\" data-element_type=\"widget\" data-widget_type=\"text-editor.default\">\n\t\t\t\t<div class=\"elementor-widget-container\">\n\t\t\t\t\t\t\t<p><\/p>\t\t\t\t\t\t<\/div>\n\t\t\t\t<\/div>\n\t\t\t\t<div class=\"elementor-element elementor-element-d00117c animated-fast elementor-invisible elementor-widget elementor-widget-text-editor\" data-id=\"d00117c\" data-element_type=\"widget\" data-settings=\"{&quot;_animation&quot;:&quot;pulse&quot;}\" data-widget_type=\"text-editor.default\">\n\t\t\t\t<div class=\"elementor-widget-container\">\n\t\t\t\t\t\t\t<p><b>A Praia Grande n\u00e3o \u00e9 para os que n\u00e3o est\u00e3o acostumados com praias. Contendo grandes e fortes ondas com \u00e1gua fria por\u00e9m refrescante, \u00e9 excelente para grupos que n\u00e3o se contentam com praias comuns. Tamb\u00e9m oferece quiosques variados para matar a fome depois de um bom mergulho.\u00a0<\/b><\/p>\t\t\t\t\t\t<\/div>\n\t\t\t\t<\/div>\n\t\t\t\t\t<\/div>\n\t\t<\/div>\n\t\t\t\t\t\t\t<\/div>\n\t\t<\/section>\n\t\t\t\t<section class=\"elementor-section elementor-top-section elementor-element elementor-element-0bfe677 elementor-section-boxed elementor-section-height-default elementor-section-height-default\" data-id=\"0bfe677\" data-element_type=\"section\">\n\t\t\t\t\t\t<div class=\"elementor-container elementor-column-gap-default\">\n\t\t\t\t\t<div class=\"elementor-column elementor-col-50 elementor-top-column elementor-element elementor-element-2a6b251\" data-id=\"2a6b251\" data-element_type=\"column\">\n\t\t\t<div class=\"elementor-widget-wrap elementor-element-populated\">\n\t\t\t\t\t\t\t\t<div class=\"elementor-element elementor-element-6a6921b elementor-widget elementor-widget-heading\" data-id=\"6a6921b\" data-element_type=\"widget\" data-widget_type=\"heading.default\">\n\t\t\t\t<div class=\"elementor-widget-container\">\n\t\t\t<h2 class=\"elementor-heading-title elementor-size-default\">Prainha<\/h2>\t\t<\/div>\n\t\t\t\t<\/div>\n\t\t\t\t<div class=\"elementor-element elementor-element-696c049 elementor-widget elementor-widget-text-editor\" data-id=\"696c049\" data-element_type=\"widget\" data-widget_type=\"text-editor.default\">\n\t\t\t\t<div class=\"elementor-widget-container\">\n\t\t\t\t\t\t\t<p><\/p>\t\t\t\t\t\t<\/div>\n\t\t\t\t<\/div>\n\t\t\t\t<div class=\"elementor-element elementor-element-36f41d7 animated-fast elementor-invisible elementor-widget elementor-widget-text-editor\" data-id=\"36f41d7\" data-element_type=\"widget\" data-settings=\"{&quot;_animation&quot;:&quot;pulse&quot;}\" data-widget_type=\"text-editor.default\">\n\t\t\t\t<div class=\"elementor-widget-container\">\n\t\t\t\t\t\t\t<p><em><strong>Popular e atraente, a Prainha \u00e9 a mais conhecida de todas as praias. Para aqueles que viajam com crian\u00e7as, n\u00e3o tem destino melhor, pois conta com variados petiscos(sorvetes, a\u00e7a\u00ed, empadas, etc), al\u00e9m de v\u00e1rios quiosques para almo\u00e7ar e beber. Conta tamb\u00e9m com uma agrad\u00e1vel \u00e1gua cristalina, \u00f3tima para um bom banho no calor.<\/strong><\/em><\/p>\t\t\t\t\t\t<\/div>\n\t\t\t\t<\/div>\n\t\t\t\t\t<\/div>\n\t\t<\/div>\n\t\t\t\t<div class=\"elementor-column elementor-col-50 elementor-top-column elementor-element elementor-element-1f8426c\" data-id=\"1f8426c\" data-element_type=\"column\">\n\t\t\t<div class=\"elementor-widget-wrap elementor-element-populated\">\n\t\t\t\t\t\t\t\t<div class=\"elementor-element elementor-element-edf11fa elementor-widget elementor-widget-heading\" data-id=\"edf11fa\" data-element_type=\"widget\" data-widget_type=\"heading.default\">\n\t\t\t\t<div class=\"elementor-widget-container\">\n\t\t\t<h2 class=\"elementor-heading-title elementor-size-default\">Praia  do Pontal do Atalaia<\/h2>\t\t<\/div>\n\t\t\t\t<\/div>\n\t\t\t\t<div class=\"elementor-element elementor-element-ce8a6a2 elementor-widget elementor-widget-text-editor\" data-id=\"ce8a6a2\" data-element_type=\"widget\" data-widget_type=\"text-editor.default\">\n\t\t\t\t<div class=\"elementor-widget-container\">\n\t\t\t\t\t\t\t<p><\/p>\t\t\t\t\t\t<\/div>\n\t\t\t\t<\/div>\n\t\t\t\t<div class=\"elementor-element elementor-element-a11f5be animated-fast elementor-invisible elementor-widget elementor-widget-text-editor\" data-id=\"a11f5be\" data-element_type=\"widget\" data-settings=\"{&quot;_animation&quot;:&quot;pulse&quot;}\" data-widget_type=\"text-editor.default\">\n\t\t\t\t<div class=\"elementor-widget-container\">\n\t\t\t\t\t\t\t<p><em><strong>Isolada do resto da cidade com sua famosa escadaria, a Praia do Pontal \u00e9 um perfeito ponto tur\u00edstico para os que nunca visitaram Arraial. Al\u00e9m dos degraus, seu acesso tamb\u00e9m pode ser feito de barco pela Praia dos Anjos. A incr\u00edvel vista proporciona lindas fotos para seu p\u00fablico, n\u00e3o s\u00f3 pelo alto das escadas, como tamb\u00e9m pela charmosa &#8221;Gruta do amor&#8221; que possui.<\/strong><\/em><\/p>\t\t\t\t\t\t<\/div>\n\t\t\t\t<\/div>\n\t\t\t\t\t<\/div>\n\t\t<\/div>\n\t\t\t\t\t\t\t<\/div>\n\t\t<\/section>\n\t\t\t\t<section class=\"elementor-section elementor-top-section elementor-element elementor-element-cbaf742 elementor-section-boxed elementor-section-height-default elementor-section-height-default\" data-id=\"cbaf742\" data-element_type=\"section\">\n\t\t\t\t\t\t<div class=\"elementor-container elementor-column-gap-default\">\n\t\t\t\t\t<div class=\"elementor-column elementor-col-50 elementor-top-column elementor-element elementor-element-ca271a9\" data-id=\"ca271a9\" data-element_type=\"column\">\n\t\t\t<div class=\"elementor-widget-wrap elementor-element-populated\">\n\t\t\t\t\t\t\t\t<div class=\"elementor-element elementor-element-e5f5202 elementor-widget elementor-widget-heading\" data-id=\"e5f5202\" data-element_type=\"widget\" data-widget_type=\"heading.default\">\n\t\t\t\t<div class=\"elementor-widget-container\">\n\t\t\t<h2 class=\"elementor-heading-title elementor-size-default\">Praa do Pontal<\/h2>\t\t<\/div>\n\t\t\t\t<\/div>\n\t\t\t\t<div class=\"elementor-element elementor-element-605f17b elementor-widget elementor-widget-text-editor\" data-id=\"605f17b\" data-element_type=\"widget\" data-widget_type=\"text-editor.default\">\n\t\t\t\t<div class=\"elementor-widget-container\">\n\t\t\t\t\t\t\t<p><\/p>\t\t\t\t\t\t<\/div>\n\t\t\t\t<\/div>\n\t\t\t\t<div class=\"elementor-element elementor-element-48387c6 animated-fast elementor-invisible elementor-widget elementor-widget-text-editor\" data-id=\"48387c6\" data-element_type=\"widget\" data-settings=\"{&quot;_animation&quot;:&quot;pulse&quot;}\" data-widget_type=\"text-editor.default\">\n\t\t\t\t<div class=\"elementor-widget-container\">\n\t\t\t\t\t\t\t<p><strong>Continua\u00e7\u00e3o da faixa de areia da Praia do Forte (em Cabo Frio), a Praia do Pontal \u00e9 a primeira de Arraial do Cabo.<\/strong><br \/><strong>Ela est\u00e1 bem escondida e quem chega \u00e0 cidade pela estrada n\u00e3o consegue enxerg\u00e1-la. Exatamente por isso, a Praia do Pontal costuma ser bastante tranquila e com pouco movimento, mesmo em dias quentes de ver\u00e3o.<\/strong><br \/><strong>O acesso \u00e9 por uma pista de terra, logo depois do p\u00f3rtico de entrada da cidade. N\u00e3o h\u00e1 trilhas a serem percorridas e barcos n\u00e3o levam at\u00e9 l\u00e1.<\/strong><\/p>\t\t\t\t\t\t<\/div>\n\t\t\t\t<\/div>\n\t\t\t\t\t<\/div>\n\t\t<\/div>\n\t\t\t\t<div class=\"elementor-column elementor-col-50 elementor-top-column elementor-element elementor-element-66d6d44\" data-id=\"66d6d44\" data-element_type=\"column\">\n\t\t\t<div class=\"elementor-widget-wrap elementor-element-populated\">\n\t\t\t\t\t\t\t\t<div class=\"elementor-element elementor-element-258358e elementor-widget elementor-widget-heading\" data-id=\"258358e\" data-element_type=\"widget\" data-widget_type=\"heading.default\">\n\t\t\t\t<div class=\"elementor-widget-container\">\n\t\t\t<h2 class=\"elementor-heading-title elementor-size-default\">Praia do Farol<\/h2>\t\t<\/div>\n\t\t\t\t<\/div>\n\t\t\t\t<div class=\"elementor-element elementor-element-9734a63 elementor-widget elementor-widget-text-editor\" data-id=\"9734a63\" data-element_type=\"widget\" data-widget_type=\"text-editor.default\">\n\t\t\t\t<div class=\"elementor-widget-container\">\n\t\t\t\t\t\t\t<p><\/p>\t\t\t\t\t\t<\/div>\n\t\t\t\t<\/div>\n\t\t\t\t<div class=\"elementor-element elementor-element-bcb6fde animated-fast elementor-invisible elementor-widget elementor-widget-text-editor\" data-id=\"bcb6fde\" data-element_type=\"widget\" data-settings=\"{&quot;_animation&quot;:&quot;pulse&quot;}\" data-widget_type=\"text-editor.default\">\n\t\t\t\t<div class=\"elementor-widget-container\">\n\t\t\t\t\t\t\t<p><em><strong>Reservada e protegida pela marinha, a Praia do Farol \u00e9 um pequeno peda\u00e7o de para\u00edso. O acesso \u00e9 feito somente por passeio de barco, com limite de 20 a 40 pessoas por vez. Suas \u00e1guas contam com diversos e atraentes tons de azul e, somando com sua linda e macia areia branca, a viagem proporciona fotos maravilhosas e mem\u00f3rias ainda mais preciosa.<\/strong><\/em><\/p>\t\t\t\t\t\t<\/div>\n\t\t\t\t<\/div>\n\t\t\t\t\t<\/div>\n\t\t<\/div>\n\t\t\t\t\t\t\t<\/div>\n\t\t<\/section>\n\t\t\t\t\t\t\t<\/div>\n\t\t","protected":false},"excerpt":{"rendered":"<p>Conhe\u00e7a as praias de Arraial do Cabo! Praia dos Anjos Praia dos Anjos, a praia mais pr\u00f3xima do apartamento. Confort\u00e1vel, espa\u00e7osa e boa para as crian\u00e7as pois as ondas nunca s\u00e3o grandes. Conta com o porto, \u00f3timo ponto tur\u00edstico para fotos, al\u00e9m de acesso f\u00e1cil para os barcos de passeio. Tamb\u00e9m possui um belo cal\u00e7ad\u00e3o [&hellip;]<\/p>\n<a class=\"read-more-tag\" \n         href=\"https:\/\/www.apdoisanjos.com.br\/site\/index.php\/praias\/\">&nbsp;Read More<\/a>","protected":false},"author":2,"featured_media":0,"parent":0,"menu_order":0,"comment_status":"closed","ping_status":"closed","template":"elementor_theme","meta":[],"_links":{"self":[{"href":"https:\/\/www.apdoisanjos.com.br\/site\/index.php\/wp-json\/wp\/v2\/pages\/1257"}],"collection":[{"href":"https:\/\/www.apdoisanjos.com.br\/site\/index.php\/wp-json\/wp\/v2\/pages"}],"about":[{"href":"https:\/\/www.apdoisanjos.com.br\/site\/index.php\/wp-json\/wp\/v2\/types\/page"}],"author":[{"embeddable":true,"href":"https:\/\/www.apdoisanjos.com.br\/site\/index.php\/wp-json\/wp\/v2\/users\/2"}],"replies":[{"embeddable":true,"href":"https:\/\/www.apdoisanjos.com.br\/site\/index.php\/wp-json\/wp\/v2\/comments?post=1257"}],"version-history":[{"count":90,"href":"https:\/\/www.apdoisanjos.com.br\/site\/index.php\/wp-json\/wp\/v2\/pages\/1257\/revisions"}],"predecessor-version":[{"id":1847,"href":"https:\/\/www.apdoisanjos.com.br\/site\/index.php\/wp-json\/wp\/v2\/pages\/1257\/revisions\/1847"}],"wp:attachment":[{"href":"https:\/\/www.apdoisanjos.com.br\/site\/index.php\/wp-json\/wp\/v2\/media?parent=1257"}],"curies":[{"name":"wp","href":"https:\/\/api.w.org\/{rel}","templated":true}]}}